{"id":295,"date":"2026-01-30T15:21:26","date_gmt":"2026-01-30T14:21:26","guid":{"rendered":"https:\/\/pila-klein.cz\/?page_id=295"},"modified":"2026-02-06T15:39:24","modified_gmt":"2026-02-06T14:39:24","slug":"nase-sluzby","status":"publish","type":"page","link":"https:\/\/pila-klein.cz\/?page_id=295","title":{"rendered":"Na\u0161e slu\u017eby"},"content":{"rendered":"\n<div class=\"wp-block-media-text is-stacked-on-mobile\"><figure class=\"wp-block-media-text__media\"><img fetchpriority=\"high\" decoding=\"async\" width=\"1024\" height=\"768\" src=\"https:\/\/pila-klein.cz\/wp-content\/uploads\/2026\/01\/IMG_20260106_085639-4-1024x768.jpg\" alt=\"\" class=\"wp-image-292 size-full\" srcset=\"https:\/\/pila-klein.cz\/wp-content\/uploads\/2026\/01\/IMG_20260106_085639-4-1024x768.jpg 1024w, https:\/\/pila-klein.cz\/wp-content\/uploads\/2026\/01\/IMG_20260106_085639-4-300x225.jpg 300w, https:\/\/pila-klein.cz\/wp-content\/uploads\/2026\/01\/IMG_20260106_085639-4-768x576.jpg 768w, https:\/\/pila-klein.cz\/wp-content\/uploads\/2026\/01\/IMG_20260106_085639-4-1536x1152.jpg 1536w, https:\/\/pila-klein.cz\/wp-content\/uploads\/2026\/01\/IMG_20260106_085639-4-2048x1536.jpg 2048w\" sizes=\"(max-width: 1024px) 100vw, 1024px\" \/><\/figure><div class=\"wp-block-media-text__content\">\n<p>Firma Pila Klein spol. s r.o. byla zalo\u017eena v roce 1994. Zab\u00fdv\u00e1 se p\u0159edev\u0161\u00edm v\u00fdrobou stavebn\u00edho a truhl\u00e1\u0159sk\u00e9ho \u0159eziva. V posledn\u00edch letech byla \u010dinnost roz\u0161\u00ed\u0159ena o zemn\u00ed pr\u00e1ce traktorbagrem. Disponujeme r\u00e1mov\u00fdm katrem, om\u00edtac\u00ed pilou, hoblovkou, spodn\u00ed fr\u00e9zou a dal\u0161\u00edmi za\u0159\u00edzen\u00edmi. R\u00e1di vyhov\u00edme individu\u00e1ln\u00ed popt\u00e1vce.<\/p>\n<\/div><\/div>\n","protected":false},"excerpt":{"rendered":"<p>Firma Pila Klein spol. s r.o. byla zalo\u017eena v roce 1994. Zab\u00fdv\u00e1 se p\u0159edev\u0161\u00edm v\u00fdrobou stavebn\u00edho a truhl\u00e1\u0159sk\u00e9ho \u0159eziva. V [&hellip;]<\/p>\n","protected":false},"author":1,"featured_media":0,"parent":0,"menu_order":1,"comment_status":"closed","ping_status":"closed","template":"","meta":{"site-sidebar-layout":"default","site-content-layout":"","ast-site-content-layout":"default","site-content-style":"default","site-sidebar-style":"default","ast-global-header-display":"","ast-banner-title-visibility":"","ast-main-header-display":"","ast-hfb-above-header-display":"","ast-hfb-below-header-display":"","ast-hfb-mobile-header-display":"","site-post-title":"","ast-breadcrumbs-content":"","ast-featured-img":"","footer-sml-layout":"","ast-disable-related-posts":"","theme-transparent-header-meta":"","adv-header-id-meta":"","stick-header-meta":"","header-above-stick-meta":"","header-main-stick-meta":"","header-below-stick-meta":"","astra-migrate-meta-layouts":"default","ast-page-background-enabled":"default","ast-page-background-meta":{"desktop":{"background-color":"var(--ast-global-color-5)","background-image":"","background-repeat":"repeat","background-position":"center center","background-size":"auto","background-attachment":"scroll","background-type":"","background-media":"","overlay-type":"","overlay-color":"","overlay-opacity":"","overlay-gradient":""},"tablet":{"background-color":"","background-image":"","background-repeat":"repeat","background-position":"center center","background-size":"auto","background-attachment":"scroll","background-type":"","background-media":"","overlay-type":"","overlay-color":"","overlay-opacity":"","overlay-gradient":""},"mobile":{"background-color":"","background-image":"","background-repeat":"repeat","background-position":"center center","background-size":"auto","background-attachment":"scroll","background-type":"","background-media":"","overlay-type":"","overlay-color":"","overlay-opacity":"","overlay-gradient":""}},"ast-content-background-meta":{"desktop":{"background-color":"var(--ast-global-color-4)","background-image":"","background-repeat":"repeat","background-position":"center center","background-size":"auto","background-attachment":"scroll","background-type":"","background-media":"","overlay-type":"","overlay-color":"","overlay-opacity":"","overlay-gradient":""},"tablet":{"background-color":"var(--ast-global-color-4)","background-image":"","background-repeat":"repeat","background-position":"center center","background-size":"auto","background-attachment":"scroll","background-type":"","background-media":"","overlay-type":"","overlay-color":"","overlay-opacity":"","overlay-gradient":""},"mobile":{"background-color":"var(--ast-global-color-4)","background-image":"","background-repeat":"repeat","background-position":"center center","background-size":"auto","background-attachment":"scroll","background-type":"","background-media":"","overlay-type":"","overlay-color":"","overlay-opacity":"","overlay-gradient":""}},"footnotes":""},"class_list":["post-295","page","type-page","status-publish","hentry"],"_links":{"self":[{"href":"https:\/\/pila-klein.cz\/index.php?rest_route=\/wp\/v2\/pages\/295","targetHints":{"allow":["GET"]}}],"collection":[{"href":"https:\/\/pila-klein.cz\/index.php?rest_route=\/wp\/v2\/pages"}],"about":[{"href":"https:\/\/pila-klein.cz\/index.php?rest_route=\/wp\/v2\/types\/page"}],"author":[{"embeddable":true,"href":"https:\/\/pila-klein.cz\/index.php?rest_route=\/wp\/v2\/users\/1"}],"replies":[{"embeddable":true,"href":"https:\/\/pila-klein.cz\/index.php?rest_route=%2Fwp%2Fv2%2Fcomments&post=295"}],"version-history":[{"count":16,"href":"https:\/\/pila-klein.cz\/index.php?rest_route=\/wp\/v2\/pages\/295\/revisions"}],"predecessor-version":[{"id":356,"href":"https:\/\/pila-klein.cz\/index.php?rest_route=\/wp\/v2\/pages\/295\/revisions\/356"}],"wp:attachment":[{"href":"https:\/\/pila-klein.cz\/index.php?rest_route=%2Fwp%2Fv2%2Fmedia&parent=295"}],"curies":[{"name":"wp","href":"https:\/\/api.w.org\/{rel}","templated":true}]}}