{"id":320,"date":"2026-02-06T15:18:59","date_gmt":"2026-02-06T14:18:59","guid":{"rendered":"https:\/\/pila-klein.cz\/?page_id=320"},"modified":"2026-02-19T11:57:37","modified_gmt":"2026-02-19T10:57:37","slug":"zemni-prace","status":"publish","type":"page","link":"https:\/\/pila-klein.cz\/?page_id=320","title":{"rendered":"Zemn\u00ed pr\u00e1ce"},"content":{"rendered":"\t\t<div data-elementor-type=\"wp-page\" data-elementor-id=\"320\" class=\"elementor elementor-320\">\n\t\t\t\t<div class=\"elementor-element elementor-element-c7fdf62 e-con-full e-flex e-con e-parent\" data-id=\"c7fdf62\" data-element_type=\"container\">\n\t\t\t\t<div class=\"elementor-element elementor-element-ee7567b elementor-widget elementor-widget-text-editor\" data-id=\"ee7567b\" data-element_type=\"widget\" data-widget_type=\"text-editor.default\">\n\t\t\t\t\t\t\t\t\t<p><strong>Prov\u00e1d\u00edme zemn\u00ed pr\u00e1ce traktorbagrem JBC3CX a minibagrem JCB8026CTS<\/strong><\/p>\n<ul>\n<li>\u00fapravy ter\u00e9n\u016f<\/li>\n<li>v\u00fdkopy z\u00e1klad\u016f<\/li>\n<li>v\u00fdkopy p\u0159\u00edpojek in\u017een\u00fdrsk\u00fdch s\u00edt\u00ed<\/li>\n<li>v\u00fdkopy baz\u00e9n\u016f a \u010disti\u010dek<\/li>\n<li>katrov\u00e1n\u00ed hl\u00edny<\/li>\n<li>p\u0159evoz zeminy<\/li>\n<\/ul>\n<p>Disponujeme p\u0159\u00edslu\u0161enstv\u00edm jako je zemn\u00ed vrt\u00e1k, \u0161t\u00edpac\u00ed ku\u017eel na d\u0159evo nebo demoli\u010dn\u00ed drap\u00e1k.<\/p>\t\t\t\t\t\t\t\t<\/div>\n\t\t\t\t<div class=\"elementor-element elementor-element-cecc05a elementor-widget elementor-widget-image\" data-id=\"cecc05a\" data-element_type=\"widget\" data-widget_type=\"image.default\">\n\t\t\t\t\t\t\t\t\t\t\t\t\t\t\t<img fetchpriority=\"high\" decoding=\"async\" width=\"768\" height=\"1024\" src=\"https:\/\/pila-klein.cz\/wp-content\/uploads\/2026\/02\/IMG-20260217-WA0002-768x1024.jpg\" class=\"attachment-large size-large wp-image-389\" alt=\"\" srcset=\"https:\/\/pila-klein.cz\/wp-content\/uploads\/2026\/02\/IMG-20260217-WA0002-768x1024.jpg 768w, https:\/\/pila-klein.cz\/wp-content\/uploads\/2026\/02\/IMG-20260217-WA0002-225x300.jpg 225w, https:\/\/pila-klein.cz\/wp-content\/uploads\/2026\/02\/IMG-20260217-WA0002-1152x1536.jpg 1152w, https:\/\/pila-klein.cz\/wp-content\/uploads\/2026\/02\/IMG-20260217-WA0002.jpg 1536w\" sizes=\"(max-width: 768px) 100vw, 768px\" \/>\t\t\t\t\t\t\t\t\t\t\t\t\t\t\t<\/div>\n\t\t\t\t<\/div>\n\t\t<div class=\"elementor-element elementor-element-4012e4d e-grid e-con-boxed e-con e-parent\" data-id=\"4012e4d\" data-element_type=\"container\">\n\t\t\t\t\t<div class=\"e-con-inner\">\n\t\t\t\t<div class=\"elementor-element elementor-element-00b0974 elementor-widget elementor-widget-image\" data-id=\"00b0974\" data-element_type=\"widget\" data-widget_type=\"image.default\">\n\t\t\t\t\t\t\t\t\t\t\t\t\t\t\t<img decoding=\"async\" width=\"300\" height=\"225\" src=\"https:\/\/pila-klein.cz\/wp-content\/uploads\/2026\/02\/IMG-20260217-WA0009-300x225.jpg\" class=\"attachment-medium size-medium wp-image-406\" alt=\"\" srcset=\"https:\/\/pila-klein.cz\/wp-content\/uploads\/2026\/02\/IMG-20260217-WA0009-300x225.jpg 300w, https:\/\/pila-klein.cz\/wp-content\/uploads\/2026\/02\/IMG-20260217-WA0009-1024x768.jpg 1024w, https:\/\/pila-klein.cz\/wp-content\/uploads\/2026\/02\/IMG-20260217-WA0009-768x576.jpg 768w, https:\/\/pila-klein.cz\/wp-content\/uploads\/2026\/02\/IMG-20260217-WA0009-1536x1152.jpg 1536w, https:\/\/pila-klein.cz\/wp-content\/uploads\/2026\/02\/IMG-20260217-WA0009.jpg 2048w\" sizes=\"(max-width: 300px) 100vw, 300px\" \/>\t\t\t\t\t\t\t\t\t\t\t\t\t\t\t<\/div>\n\t\t\t\t<div class=\"elementor-element elementor-element-16feaea elementor-widget elementor-widget-image\" data-id=\"16feaea\" data-element_type=\"widget\" data-widget_type=\"image.default\">\n\t\t\t\t\t\t\t\t\t\t\t\t\t\t\t<img decoding=\"async\" width=\"300\" height=\"225\" src=\"https:\/\/pila-klein.cz\/wp-content\/uploads\/2026\/02\/IMG-20260217-WA0008-300x225.jpg\" class=\"attachment-medium size-medium wp-image-405\" alt=\"\" srcset=\"https:\/\/pila-klein.cz\/wp-content\/uploads\/2026\/02\/IMG-20260217-WA0008-300x225.jpg 300w, https:\/\/pila-klein.cz\/wp-content\/uploads\/2026\/02\/IMG-20260217-WA0008-1024x768.jpg 1024w, https:\/\/pila-klein.cz\/wp-content\/uploads\/2026\/02\/IMG-20260217-WA0008-768x576.jpg 768w, https:\/\/pila-klein.cz\/wp-content\/uploads\/2026\/02\/IMG-20260217-WA0008-1536x1152.jpg 1536w, https:\/\/pila-klein.cz\/wp-content\/uploads\/2026\/02\/IMG-20260217-WA0008.jpg 2048w\" sizes=\"(max-width: 300px) 100vw, 300px\" \/>\t\t\t\t\t\t\t\t\t\t\t\t\t\t\t<\/div>\n\t\t\t\t<div class=\"elementor-element elementor-element-291df67 elementor-widget elementor-widget-image\" data-id=\"291df67\" data-element_type=\"widget\" data-widget_type=\"image.default\">\n\t\t\t\t\t\t\t\t\t\t\t\t\t\t\t<img loading=\"lazy\" decoding=\"async\" width=\"300\" height=\"225\" src=\"https:\/\/pila-klein.cz\/wp-content\/uploads\/2026\/02\/IMG-20260217-WA0005-300x225.jpg\" class=\"attachment-medium size-medium wp-image-407\" alt=\"\" srcset=\"https:\/\/pila-klein.cz\/wp-content\/uploads\/2026\/02\/IMG-20260217-WA0005-300x225.jpg 300w, https:\/\/pila-klein.cz\/wp-content\/uploads\/2026\/02\/IMG-20260217-WA0005-1024x768.jpg 1024w, https:\/\/pila-klein.cz\/wp-content\/uploads\/2026\/02\/IMG-20260217-WA0005-768x576.jpg 768w, https:\/\/pila-klein.cz\/wp-content\/uploads\/2026\/02\/IMG-20260217-WA0005-1536x1152.jpg 1536w, https:\/\/pila-klein.cz\/wp-content\/uploads\/2026\/02\/IMG-20260217-WA0005.jpg 1600w\" sizes=\"(max-width: 300px) 100vw, 300px\" \/>\t\t\t\t\t\t\t\t\t\t\t\t\t\t\t<\/div>\n\t\t\t\t<div class=\"elementor-element elementor-element-bcf607d elementor-widget elementor-widget-image\" data-id=\"bcf607d\" data-element_type=\"widget\" data-widget_type=\"image.default\">\n\t\t\t\t\t\t\t\t\t\t\t\t\t\t\t<img loading=\"lazy\" decoding=\"async\" width=\"300\" height=\"225\" src=\"https:\/\/pila-klein.cz\/wp-content\/uploads\/2026\/02\/IMG-20260217-WA0006-300x225.jpg\" class=\"attachment-medium size-medium wp-image-408\" alt=\"\" srcset=\"https:\/\/pila-klein.cz\/wp-content\/uploads\/2026\/02\/IMG-20260217-WA0006-300x225.jpg 300w, https:\/\/pila-klein.cz\/wp-content\/uploads\/2026\/02\/IMG-20260217-WA0006-1024x768.jpg 1024w, https:\/\/pila-klein.cz\/wp-content\/uploads\/2026\/02\/IMG-20260217-WA0006-768x576.jpg 768w, https:\/\/pila-klein.cz\/wp-content\/uploads\/2026\/02\/IMG-20260217-WA0006-1536x1152.jpg 1536w, https:\/\/pila-klein.cz\/wp-content\/uploads\/2026\/02\/IMG-20260217-WA0006.jpg 2048w\" sizes=\"(max-width: 300px) 100vw, 300px\" \/>\t\t\t\t\t\t\t\t\t\t\t\t\t\t\t<\/div>\n\t\t\t\t<div class=\"elementor-element elementor-element-fdace4a elementor-widget elementor-widget-image\" data-id=\"fdace4a\" data-element_type=\"widget\" data-widget_type=\"image.default\">\n\t\t\t\t\t\t\t\t\t\t\t\t\t\t\t<img loading=\"lazy\" decoding=\"async\" width=\"225\" height=\"300\" src=\"https:\/\/pila-klein.cz\/wp-content\/uploads\/2026\/02\/IMG-20260217-WA0003-225x300.jpg\" class=\"attachment-medium size-medium wp-image-430\" alt=\"\" srcset=\"https:\/\/pila-klein.cz\/wp-content\/uploads\/2026\/02\/IMG-20260217-WA0003-225x300.jpg 225w, https:\/\/pila-klein.cz\/wp-content\/uploads\/2026\/02\/IMG-20260217-WA0003-768x1024.jpg 768w, https:\/\/pila-klein.cz\/wp-content\/uploads\/2026\/02\/IMG-20260217-WA0003-1152x1536.jpg 1152w, https:\/\/pila-klein.cz\/wp-content\/uploads\/2026\/02\/IMG-20260217-WA0003.jpg 1536w\" sizes=\"(max-width: 225px) 100vw, 225px\" \/>\t\t\t\t\t\t\t\t\t\t\t\t\t\t\t<\/div>\n\t\t\t\t<div class=\"elementor-element elementor-element-f656156 elementor-widget elementor-widget-image\" data-id=\"f656156\" data-element_type=\"widget\" data-widget_type=\"image.default\">\n\t\t\t\t\t\t\t\t\t\t\t\t\t\t\t<img loading=\"lazy\" decoding=\"async\" width=\"225\" height=\"300\" src=\"https:\/\/pila-klein.cz\/wp-content\/uploads\/2026\/02\/IMG-20260217-WA0004-225x300.jpg\" class=\"attachment-medium size-medium wp-image-431\" alt=\"\" srcset=\"https:\/\/pila-klein.cz\/wp-content\/uploads\/2026\/02\/IMG-20260217-WA0004-225x300.jpg 225w, https:\/\/pila-klein.cz\/wp-content\/uploads\/2026\/02\/IMG-20260217-WA0004-768x1024.jpg 768w, https:\/\/pila-klein.cz\/wp-content\/uploads\/2026\/02\/IMG-20260217-WA0004-1152x1536.jpg 1152w, https:\/\/pila-klein.cz\/wp-content\/uploads\/2026\/02\/IMG-20260217-WA0004.jpg 1536w\" sizes=\"(max-width: 225px) 100vw, 225px\" \/>\t\t\t\t\t\t\t\t\t\t\t\t\t\t\t<\/div>\n\t\t\t\t\t<\/div>\n\t\t\t\t<\/div>\n\t\t\t\t<\/div>\n\t\t","protected":false},"excerpt":{"rendered":"<p>Prov\u00e1d\u00edme zemn\u00ed pr\u00e1ce traktorbagrem JBC3CX a minibagrem JCB8026CTS \u00fapravy ter\u00e9n\u016f v\u00fdkopy z\u00e1klad\u016f v\u00fdkopy p\u0159\u00edpojek in\u017een\u00fdrsk\u00fdch s\u00edt\u00ed v\u00fdkopy baz\u00e9n\u016f a \u010disti\u010dek [&hellip;]<\/p>\n","protected":false},"author":1,"featured_media":0,"parent":0,"menu_order":0,"comment_status":"closed","ping_status":"closed","template":"","meta":{"site-sidebar-layout":"default","site-content-layout":"","ast-site-content-layout":"default","site-content-style":"default","site-sidebar-style":"default","ast-global-header-display":"","ast-banner-title-visibility":"","ast-main-header-display":"","ast-hfb-above-header-display":"","ast-hfb-below-header-display":"","ast-hfb-mobile-header-display":"","site-post-title":"","ast-breadcrumbs-content":"","ast-featured-img":"","footer-sml-layout":"","ast-disable-related-posts":"","theme-transparent-header-meta":"","adv-header-id-meta":"","stick-header-meta":"","header-above-stick-meta":"","header-main-stick-meta":"","header-below-stick-meta":"","astra-migrate-meta-layouts":"default","ast-page-background-enabled":"default","ast-page-background-meta":{"desktop":{"background-color":"var(--ast-global-color-5)","background-image":"","background-repeat":"repeat","background-position":"center center","background-size":"auto","background-attachment":"scroll","background-type":"","background-media":"","overlay-type":"","overlay-color":"","overlay-opacity":"","overlay-gradient":""},"tablet":{"background-color":"","background-image":"","background-repeat":"repeat","background-position":"center center","background-size":"auto","background-attachment":"scroll","background-type":"","background-media":"","overlay-type":"","overlay-color":"","overlay-opacity":"","overlay-gradient":""},"mobile":{"background-color":"","background-image":"","background-repeat":"repeat","background-position":"center center","background-size":"auto","background-attachment":"scroll","background-type":"","background-media":"","overlay-type":"","overlay-color":"","overlay-opacity":"","overlay-gradient":""}},"ast-content-background-meta":{"desktop":{"background-color":"var(--ast-global-color-4)","background-image":"","background-repeat":"repeat","background-position":"center center","background-size":"auto","background-attachment":"scroll","background-type":"","background-media":"","overlay-type":"","overlay-color":"","overlay-opacity":"","overlay-gradient":""},"tablet":{"background-color":"var(--ast-global-color-4)","background-image":"","background-repeat":"repeat","background-position":"center center","background-size":"auto","background-attachment":"scroll","background-type":"","background-media":"","overlay-type":"","overlay-color":"","overlay-opacity":"","overlay-gradient":""},"mobile":{"background-color":"var(--ast-global-color-4)","background-image":"","background-repeat":"repeat","background-position":"center center","background-size":"auto","background-attachment":"scroll","background-type":"","background-media":"","overlay-type":"","overlay-color":"","overlay-opacity":"","overlay-gradient":""}},"footnotes":""},"class_list":["post-320","page","type-page","status-publish","hentry"],"_links":{"self":[{"href":"https:\/\/pila-klein.cz\/index.php?rest_route=\/wp\/v2\/pages\/320","targetHints":{"allow":["GET"]}}],"collection":[{"href":"https:\/\/pila-klein.cz\/index.php?rest_route=\/wp\/v2\/pages"}],"about":[{"href":"https:\/\/pila-klein.cz\/index.php?rest_route=\/wp\/v2\/types\/page"}],"author":[{"embeddable":true,"href":"https:\/\/pila-klein.cz\/index.php?rest_route=\/wp\/v2\/users\/1"}],"replies":[{"embeddable":true,"href":"https:\/\/pila-klein.cz\/index.php?rest_route=%2Fwp%2Fv2%2Fcomments&post=320"}],"version-history":[{"count":21,"href":"https:\/\/pila-klein.cz\/index.php?rest_route=\/wp\/v2\/pages\/320\/revisions"}],"predecessor-version":[{"id":435,"href":"https:\/\/pila-klein.cz\/index.php?rest_route=\/wp\/v2\/pages\/320\/revisions\/435"}],"wp:attachment":[{"href":"https:\/\/pila-klein.cz\/index.php?rest_route=%2Fwp%2Fv2%2Fmedia&parent=320"}],"curies":[{"name":"wp","href":"https:\/\/api.w.org\/{rel}","templated":true}]}}